{"id":989,"date":"2025-09-16T07:03:55","date_gmt":"2025-09-16T07:03:55","guid":{"rendered":"https:\/\/refonte.slowe-studio.com\/refonte\/?page_id=989"},"modified":"2025-10-30T14:54:02","modified_gmt":"2025-10-30T14:54:02","slug":"premiere-fois","status":"publish","type":"page","link":"https:\/\/refonte.slowe-studio.com\/refonte\/index.php\/premiere-fois\/","title":{"rendered":"premi\u00e8re fois"},"content":{"rendered":"\t\t<div data-elementor-type=\"wp-page\" data-elementor-id=\"989\" class=\"elementor elementor-989\" data-elementor-post-type=\"page\">\n\t\t\t\t<div class=\"elementor-element elementor-element-9d80774 e-flex e-con-boxed e-con e-parent\" data-id=\"9d80774\" data-element_type=\"container\">\n\t\t\t\t\t<div class=\"e-con-inner\">\n\t\t<div class=\"elementor-element elementor-element-5466866 e-con-full e-flex e-con e-child\" data-id=\"5466866\" data-element_type=\"container\">\n\t\t\t\t<div class=\"elementor-element elementor-element-1abda55 title-xxl elementor-widget elementor-widget-heading\" data-id=\"1abda55\" data-element_type=\"widget\" data-widget_type=\"heading.default\">\n\t\t\t\t\t<p class=\"elementor-heading-title elementor-size-default\">D\u00e9marrer mon essai<\/p>\t\t\t\t<\/div>\n\t\t\t\t<div class=\"elementor-element elementor-element-f307f6e title-m elementor-widget elementor-widget-text-editor\" data-id=\"f307f6e\" data-element_type=\"widget\" data-widget_type=\"text-editor.default\">\n\t\t\t\t\t\t\t\t\t<p>Retrouvez ici les infos essentielles pour garantir votre exp\u00e9rience chez Slowe !<\/p>\t\t\t\t\t\t\t\t<\/div>\n\t\t\t\t<\/div>\n\t\t\t\t<div class=\"elementor-element elementor-element-5b9a061 elementor-widget elementor-widget-image\" data-id=\"5b9a061\" data-element_type=\"widget\" data-widget_type=\"image.default\">\n\t\t\t\t\t\t\t\t\t\t\t\t\t\t\t<img decoding=\"async\" width=\"8\" height=\"171\" src=\"https:\/\/refonte.slowe-studio.com\/refonte\/wp-content\/uploads\/2025\/09\/Arrow-2.svg\" class=\"attachment-large size-large wp-image-2008\" alt=\"\" \/>\t\t\t\t\t\t\t\t\t\t\t\t\t\t\t<\/div>\n\t\t<div class=\"elementor-element elementor-element-4b6f7c3 e-con-full e-flex e-con e-child\" data-id=\"4b6f7c3\" data-element_type=\"container\">\n\t\t\t\t<div class=\"elementor-element elementor-element-66deb69 title-xxl elementor-widget elementor-widget-heading\" data-id=\"66deb69\" data-element_type=\"widget\" data-widget_type=\"heading.default\">\n\t\t\t\t\t<p class=\"elementor-heading-title elementor-size-default\">\ud83d\udccdLocalisation<\/p>\t\t\t\t<\/div>\n\t\t\t\t<div class=\"elementor-element elementor-element-49dd9cc title-m elementor-widget elementor-widget-text-editor\" data-id=\"49dd9cc\" data-element_type=\"widget\" data-widget_type=\"text-editor.default\">\n\t\t\t\t\t\t\t\t\t<p>Retrouvez-nous au 30, rue d\u2019Enghien Paris 10<\/p><p>Pr\u00e9sentez-vous au Coffee Shop pour acc\u00e9der au Studio et **valider** votre pr\u00e9sence !<\/p>\t\t\t\t\t\t\t\t<\/div>\n\t\t\t\t<\/div>\n\t\t\t\t<div class=\"elementor-element elementor-element-ffebc9c elementor-widget elementor-widget-image\" data-id=\"ffebc9c\" data-element_type=\"widget\" data-widget_type=\"image.default\">\n\t\t\t\t\t\t\t\t\t\t\t\t\t\t\t<img decoding=\"async\" width=\"8\" height=\"171\" src=\"https:\/\/refonte.slowe-studio.com\/refonte\/wp-content\/uploads\/2025\/09\/Arrow-2.svg\" class=\"attachment-large size-large wp-image-2008\" alt=\"\" \/>\t\t\t\t\t\t\t\t\t\t\t\t\t\t\t<\/div>\n\t\t<div class=\"elementor-element elementor-element-2c255d6 e-con-full e-flex e-con e-child\" data-id=\"2c255d6\" data-element_type=\"container\">\n\t\t\t\t<div class=\"elementor-element elementor-element-0c2a9a8 title-xxl elementor-widget elementor-widget-heading\" data-id=\"0c2a9a8\" data-element_type=\"widget\" data-widget_type=\"heading.default\">\n\t\t\t\t\t<p class=\"elementor-heading-title elementor-size-default\">\ud83e\udd0d Du temps pour vous (et pour nous)<\/p>\t\t\t\t<\/div>\n\t\t\t\t<div class=\"elementor-element elementor-element-40bdf0c title-m elementor-widget elementor-widget-text-editor\" data-id=\"40bdf0c\" data-element_type=\"widget\" data-widget_type=\"text-editor.default\">\n\t\t\t\t\t\t\t\t\t<p>Nous vous demandons de bien vouloir arriver <b>10 minutes avant<\/b> le d\u00e9but de la s\u00e9ance pour profiter au mieux du moment pass\u00e9 chez Slowe.<\/p><p>Ainsi, nous aurons tout le loisir de vous accueillir comme il se doit et de vous guider \u00e0 travers le Studio.<\/p>\t\t\t\t\t\t\t\t<\/div>\n\t\t<div class=\"elementor-element elementor-element-6e4b071 e-con-full e-flex e-con e-child\" data-id=\"6e4b071\" data-element_type=\"container\" data-settings=\"{&quot;background_background&quot;:&quot;classic&quot;}\">\n\t\t\t\t<div class=\"elementor-element elementor-element-7c17c1c text-body elementor-widget elementor-widget-text-editor\" data-id=\"7c17c1c\" data-element_type=\"widget\" data-widget_type=\"text-editor.default\">\n\t\t\t\t\t\t\t\t\t<p>Afin d\u2019assurer une exp\u00e9rience optimale \u00e0 chacun-e, <strong>l\u2019acc\u00e8s au Studio n\u2019est plus possible une fois le cours commenc\u00e9.<\/strong> Voir notre Politique de retard (plus bas).<\/p>\t\t\t\t\t\t\t\t<\/div>\n\t\t\t\t<\/div>\n\t\t\t\t<\/div>\n\t\t\t\t<div class=\"elementor-element elementor-element-6a77e75 elementor-widget elementor-widget-image\" data-id=\"6a77e75\" data-element_type=\"widget\" data-widget_type=\"image.default\">\n\t\t\t\t\t\t\t\t\t\t\t\t\t\t\t<img decoding=\"async\" width=\"8\" height=\"171\" src=\"https:\/\/refonte.slowe-studio.com\/refonte\/wp-content\/uploads\/2025\/09\/Arrow-2.svg\" class=\"attachment-large size-large wp-image-2008\" alt=\"\" \/>\t\t\t\t\t\t\t\t\t\t\t\t\t\t\t<\/div>\n\t\t<div class=\"elementor-element elementor-element-d1c94b1 e-con-full e-flex e-con e-child\" data-id=\"d1c94b1\" data-element_type=\"container\">\n\t\t\t\t<div class=\"elementor-element elementor-element-deb5c7f title-xxl elementor-widget elementor-widget-heading\" data-id=\"deb5c7f\" data-element_type=\"widget\" data-widget_type=\"heading.default\">\n\t\t\t\t\t<p class=\"elementor-heading-title elementor-size-default\">\ud83e\udee0\u00a0Politique de retard<\/p>\t\t\t\t<\/div>\n\t\t\t\t<div class=\"elementor-element elementor-element-c6f72d9 title-m elementor-widget__width-initial elementor-widget elementor-widget-text-editor\" data-id=\"c6f72d9\" data-element_type=\"widget\" data-widget_type=\"text-editor.default\">\n\t\t\t\t\t\t\t\t\t<p>Nous consid\u00e9rons comme un retard le fait de ne pas \u00eatre en mesure d\u2019acc\u00e9der en tenue \u00e0 la salle de cours <b>plus de 1 minute<\/b> apr\u00e8s le d\u00e9but de la s\u00e9ance.<\/p>\t\t\t\t\t\t\t\t<\/div>\n\t\t<div class=\"elementor-element elementor-element-0d1f0a2 e-con-full e-flex e-con e-child\" data-id=\"0d1f0a2\" data-element_type=\"container\" data-settings=\"{&quot;background_background&quot;:&quot;classic&quot;}\">\n\t\t\t\t<div class=\"elementor-element elementor-element-c469fa1 text-body elementor-widget elementor-widget-text-editor\" data-id=\"c469fa1\" data-element_type=\"widget\" data-widget_type=\"text-editor.default\">\n\t\t\t\t\t\t\t\t\t<p><b>Par cons\u00e9quent<\/b>, si vous vous pr\u00e9sentez avec 1 minute de retard mais que vous n\u2019\u00eates pas chang\u00e9-e, l\u2019acc\u00e8s au cours peut et doit vous \u00eatre refus\u00e9 par le staff.<\/p>\t\t\t\t\t\t\t\t<\/div>\n\t\t\t\t<\/div>\n\t\t\t\t<\/div>\n\t\t\t\t<div class=\"elementor-element elementor-element-e177ad7 elementor-widget elementor-widget-image\" data-id=\"e177ad7\" data-element_type=\"widget\" data-widget_type=\"image.default\">\n\t\t\t\t\t\t\t\t\t\t\t\t\t\t\t<img decoding=\"async\" width=\"8\" height=\"171\" src=\"https:\/\/refonte.slowe-studio.com\/refonte\/wp-content\/uploads\/2025\/09\/Arrow-2.svg\" class=\"attachment-large size-large wp-image-2008\" alt=\"\" \/>\t\t\t\t\t\t\t\t\t\t\t\t\t\t\t<\/div>\n\t\t<div class=\"elementor-element elementor-element-428d545 e-con-full e-flex e-con e-child\" data-id=\"428d545\" data-element_type=\"container\">\n\t\t\t\t<div class=\"elementor-element elementor-element-b281198 title-xxl elementor-widget elementor-widget-heading\" data-id=\"b281198\" data-element_type=\"widget\" data-widget_type=\"heading.default\">\n\t\t\t\t\t<p class=\"elementor-heading-title elementor-size-default\">\ud83d\udc5f Quelles chaussures pour quel cours ?<\/p>\t\t\t\t<\/div>\n\t\t\t\t<div class=\"elementor-element elementor-element-2157cba title-m elementor-widget__width-initial elementor-widget elementor-widget-text-editor\" data-id=\"2157cba\" data-element_type=\"widget\" data-widget_type=\"text-editor.default\">\n\t\t\t\t\t\t\t\t\t<p>Les formats HIIT \/ Bootcamp \/ Stronger n\u00e9cessitent des chaussures de sport en salle.<\/p>\t\t\t\t\t\t\t\t<\/div>\n\t\t<div class=\"elementor-element elementor-element-ce7502b e-con-full e-flex e-con e-child\" data-id=\"ce7502b\" data-element_type=\"container\" data-settings=\"{&quot;background_background&quot;:&quot;classic&quot;}\">\n\t\t\t\t<div class=\"elementor-element elementor-element-6cc8d70 text-body elementor-widget elementor-widget-text-editor\" data-id=\"6cc8d70\" data-element_type=\"widget\" data-widget_type=\"text-editor.default\">\n\t\t\t\t\t\t\t\t\t<p>Pour <b>garantir la propret\u00e9<\/b> des sols que vous utilisez, les baskets ayant servi en ext\u00e9rieur (chaussures de running, de trail, etc.) ne sont pas autoris\u00e9es dans le Studio HIIT.<\/p>\t\t\t\t\t\t\t\t<\/div>\n\t\t\t\t<\/div>\n\t\t\t\t<div class=\"elementor-element elementor-element-a56fd52 title-m elementor-widget__width-initial elementor-widget elementor-widget-text-editor\" data-id=\"a56fd52\" data-element_type=\"widget\" data-widget_type=\"text-editor.default\">\n\t\t\t\t\t\t\t\t\t<p>Les cours de Yoga \/ Pilates \/ Sculpt se font en chaussette ou pieds nus \ud83e\uddb6<\/p>\t\t\t\t\t\t\t\t<\/div>\n\t\t\t\t<\/div>\n\t\t\t\t<div class=\"elementor-element elementor-element-32ac2ed elementor-widget elementor-widget-image\" data-id=\"32ac2ed\" data-element_type=\"widget\" data-widget_type=\"image.default\">\n\t\t\t\t\t\t\t\t\t\t\t\t\t\t\t<img decoding=\"async\" width=\"8\" height=\"171\" src=\"https:\/\/refonte.slowe-studio.com\/refonte\/wp-content\/uploads\/2025\/09\/Arrow-2.svg\" class=\"attachment-large size-large wp-image-2008\" alt=\"\" \/>\t\t\t\t\t\t\t\t\t\t\t\t\t\t\t<\/div>\n\t\t<div class=\"elementor-element elementor-element-0813e6b e-con-full e-flex e-con e-child\" data-id=\"0813e6b\" data-element_type=\"container\">\n\t\t\t\t<div class=\"elementor-element elementor-element-330e2cd title-xxl elementor-widget elementor-widget-heading\" data-id=\"330e2cd\" data-element_type=\"widget\" data-widget_type=\"heading.default\">\n\t\t\t\t\t<p class=\"elementor-heading-title elementor-size-default\">\ud83d\udd13\u00a0Casiers<\/p>\t\t\t\t<\/div>\n\t\t\t\t<div class=\"elementor-element elementor-element-a96c2f2 title-m elementor-widget__width-initial elementor-widget elementor-widget-text-editor\" data-id=\"a96c2f2\" data-element_type=\"widget\" data-widget_type=\"text-editor.default\">\n\t\t\t\t\t\t\t\t\t<p>Sur place, vous trouverez des casiers \u00e0 code ou \u00e0 clef pour ranger vos affaires.<\/p>\t\t\t\t\t\t\t\t<\/div>\n\t\t\t\t<\/div>\n\t\t\t\t<div class=\"elementor-element elementor-element-2c07c75 elementor-widget elementor-widget-image\" data-id=\"2c07c75\" data-element_type=\"widget\" data-widget_type=\"image.default\">\n\t\t\t\t\t\t\t\t\t\t\t\t\t\t\t<img decoding=\"async\" width=\"8\" height=\"171\" src=\"https:\/\/refonte.slowe-studio.com\/refonte\/wp-content\/uploads\/2025\/09\/Arrow-2.svg\" class=\"attachment-large size-large wp-image-2008\" alt=\"\" \/>\t\t\t\t\t\t\t\t\t\t\t\t\t\t\t<\/div>\n\t\t<div class=\"elementor-element elementor-element-693bf13 e-con-full e-flex e-con e-child\" data-id=\"693bf13\" data-element_type=\"container\">\n\t\t\t\t<div class=\"elementor-element elementor-element-5d21147 title-xxl elementor-widget elementor-widget-heading\" data-id=\"5d21147\" data-element_type=\"widget\" data-widget_type=\"heading.default\">\n\t\t\t\t\t<p class=\"elementor-heading-title elementor-size-default\">\ud83d\udca7\u00a0Fontaine \u00e0 eau<\/p>\t\t\t\t<\/div>\n\t\t\t\t<div class=\"elementor-element elementor-element-680bccb title-m elementor-widget__width-initial elementor-widget elementor-widget-text-editor\" data-id=\"680bccb\" data-element_type=\"widget\" data-widget_type=\"text-editor.default\">\n\t\t\t\t\t\t\t\t\t<p>Remplissez votre gourde d\u2019eau fra\u00eeche \u00e0 proximit\u00e9 des vestiaires. Vous avez oubli\u00e9 la v\u00f4tre ? Faites-nous signe \u00e0 l\u2019accueil, nous en pr\u00eatons ! #noplastic<\/p>\t\t\t\t\t\t\t\t<\/div>\n\t\t\t\t<\/div>\n\t\t\t\t<div class=\"elementor-element elementor-element-6dacf08 elementor-widget elementor-widget-image\" data-id=\"6dacf08\" data-element_type=\"widget\" data-widget_type=\"image.default\">\n\t\t\t\t\t\t\t\t\t\t\t\t\t\t\t<img decoding=\"async\" width=\"8\" height=\"171\" src=\"https:\/\/refonte.slowe-studio.com\/refonte\/wp-content\/uploads\/2025\/09\/Arrow-2.svg\" class=\"attachment-large size-large wp-image-2008\" alt=\"\" \/>\t\t\t\t\t\t\t\t\t\t\t\t\t\t\t<\/div>\n\t\t<div class=\"elementor-element elementor-element-2d65d45 e-con-full e-flex e-con e-child\" data-id=\"2d65d45\" data-element_type=\"container\">\n\t\t\t\t<div class=\"elementor-element elementor-element-9d28a3b title-xxl elementor-widget elementor-widget-heading\" data-id=\"9d28a3b\" data-element_type=\"widget\" data-widget_type=\"heading.default\">\n\t\t\t\t\t<p class=\"elementor-heading-title elementor-size-default\">\ud83d\udec1\u00a0Post-session<\/p>\t\t\t\t<\/div>\n\t\t\t\t<div class=\"elementor-element elementor-element-dd730cd title-m elementor-widget__width-initial elementor-widget elementor-widget-text-editor\" data-id=\"dd730cd\" data-element_type=\"widget\" data-widget_type=\"text-editor.default\">\n\t\t\t\t\t\t\t\t\t<p>\u00c0 la fin de votre session, profitez des espaces et services mis \u00e0 votre disposition : douches, draps de bain et produits de soin sont disponibles dans les vestiaires.<\/p>\t\t\t\t\t\t\t\t<\/div>\n\t\t\t\t<\/div>\n\t\t\t\t<div class=\"elementor-element elementor-element-1cb8bac elementor-widget elementor-widget-image\" data-id=\"1cb8bac\" data-element_type=\"widget\" data-widget_type=\"image.default\">\n\t\t\t\t\t\t\t\t\t\t\t\t\t\t\t<img decoding=\"async\" width=\"8\" height=\"171\" src=\"https:\/\/refonte.slowe-studio.com\/refonte\/wp-content\/uploads\/2025\/09\/Arrow-2.svg\" class=\"attachment-large size-large wp-image-2008\" alt=\"\" \/>\t\t\t\t\t\t\t\t\t\t\t\t\t\t\t<\/div>\n\t\t<div class=\"elementor-element elementor-element-536e8bb e-con-full e-flex e-con e-child\" data-id=\"536e8bb\" data-element_type=\"container\">\n\t\t\t\t<div class=\"elementor-element elementor-element-cd5dc0f title-xxl elementor-widget elementor-widget-heading\" data-id=\"cd5dc0f\" data-element_type=\"widget\" data-widget_type=\"heading.default\">\n\t\t\t\t\t<p class=\"elementor-heading-title elementor-size-default\">\u26a1\ufe0fCoffee Shop<\/p>\t\t\t\t<\/div>\n\t\t\t\t<div class=\"elementor-element elementor-element-ddbe5f8 title-m elementor-widget__width-initial elementor-widget elementor-widget-text-editor\" data-id=\"ddbe5f8\" data-element_type=\"widget\" data-widget_type=\"text-editor.default\">\n\t\t\t\t\t\t\t\t\t<p>Apr\u00e8s votre session, faites un saut au Coffee Shop pour faire le plein de bons nutriments avec un smoothie ou un jus adapt\u00e9 \u00e0 votre effort !<\/p>\t\t\t\t\t\t\t\t<\/div>\n\t\t\t\t<\/div>\n\t\t\t\t<div class=\"elementor-element elementor-element-d36aecd elementor-widget elementor-widget-image\" data-id=\"d36aecd\" data-element_type=\"widget\" data-widget_type=\"image.default\">\n\t\t\t\t\t\t\t\t\t\t\t\t\t\t\t<img decoding=\"async\" width=\"8\" height=\"171\" src=\"https:\/\/refonte.slowe-studio.com\/refonte\/wp-content\/uploads\/2025\/09\/Arrow-2.svg\" class=\"attachment-large size-large wp-image-2008\" alt=\"\" \/>\t\t\t\t\t\t\t\t\t\t\t\t\t\t\t<\/div>\n\t\t<div class=\"elementor-element elementor-element-06c95d9 e-con-full e-flex e-con e-child\" data-id=\"06c95d9\" data-element_type=\"container\">\n\t\t\t\t<div class=\"elementor-element elementor-element-08b3503 title-xxl elementor-widget elementor-widget-heading\" data-id=\"08b3503\" data-element_type=\"widget\" data-widget_type=\"heading.default\">\n\t\t\t\t\t<p class=\"elementor-heading-title elementor-size-default\">\ud83d\udcf1\ufe0f\u00a0T\u00e9l\u00e9chargez notre app !<\/p>\t\t\t\t<\/div>\n\t\t\t\t<div class=\"elementor-element elementor-element-e612a7d title-m elementor-widget__width-initial elementor-widget elementor-widget-text-editor\" data-id=\"e612a7d\" data-element_type=\"widget\" data-widget_type=\"text-editor.default\">\n\t\t\t\t\t\t\t\t\t<p>Fluidifiez votre parcours de r\u00e9servation.<br \/>T\u00e9l\u00e9chargez notre app pour acc\u00e9der au planning des cours, booker \/ annuler vos s\u00e9ances en 3 clics, consulter nos offres, etc.<\/p>\t\t\t\t\t\t\t\t<\/div>\n\t\t<div class=\"elementor-element elementor-element-27f4bb4 e-con-full e-flex e-con e-child\" data-id=\"27f4bb4\" data-element_type=\"container\">\n\t\t\t\t<div class=\"elementor-element elementor-element-cbb2ced elementor-widget elementor-widget-image\" data-id=\"cbb2ced\" data-element_type=\"widget\" data-widget_type=\"image.default\">\n\t\t\t\t\t\t\t\t\t\t\t\t\t\t\t\t<a href=\"https:\/\/play.google.com\/store\/apps\/details?id=com.bsport_434&#038;pli=1\" target=\"_blank\">\n\t\t\t\t\t\t\t<img decoding=\"async\" width=\"237\" height=\"70\" src=\"https:\/\/refonte.slowe-studio.com\/refonte\/wp-content\/uploads\/2025\/09\/\u753b\u677f-9-1.svg\" class=\"attachment-large size-large wp-image-2011\" alt=\"\" \/>\t\t\t\t\t\t\t\t<\/a>\n\t\t\t\t\t\t\t\t\t\t\t\t\t\t\t<\/div>\n\t\t\t\t<div class=\"elementor-element elementor-element-5bb3895 elementor-widget elementor-widget-image\" data-id=\"5bb3895\" data-element_type=\"widget\" data-widget_type=\"image.default\">\n\t\t\t\t\t\t\t\t\t\t\t\t\t\t\t\t<a href=\"https:\/\/apps.apple.com\/us\/app\/slowe\/id6449783299\" target=\"_blank\">\n\t\t\t\t\t\t\t<img decoding=\"async\" width=\"222\" height=\"70\" src=\"https:\/\/refonte.slowe-studio.com\/refonte\/wp-content\/uploads\/2025\/09\/Download_on_the_App_Store_Badge_FRCA_RGB_blk-1.svg\" class=\"attachment-large size-large wp-image-2010\" alt=\"\" \/>\t\t\t\t\t\t\t\t<\/a>\n\t\t\t\t\t\t\t\t\t\t\t\t\t\t\t<\/div>\n\t\t\t\t<\/div>\n\t\t\t\t<\/div>\n\t\t\t\t<div class=\"elementor-element elementor-element-ef00d7c elementor-widget elementor-widget-image\" data-id=\"ef00d7c\" data-element_type=\"widget\" data-widget_type=\"image.default\">\n\t\t\t\t\t\t\t\t\t\t\t\t\t\t\t<img decoding=\"async\" width=\"8\" height=\"171\" src=\"https:\/\/refonte.slowe-studio.com\/refonte\/wp-content\/uploads\/2025\/09\/Arrow-2.svg\" class=\"attachment-large size-large wp-image-2008\" alt=\"\" \/>\t\t\t\t\t\t\t\t\t\t\t\t\t\t\t<\/div>\n\t\t<div class=\"elementor-element elementor-element-df7461c e-con-full e-flex e-con e-child\" data-id=\"df7461c\" data-element_type=\"container\">\n\t\t\t\t<div class=\"elementor-element elementor-element-a2aad93 title-xxl elementor-widget elementor-widget-heading\" data-id=\"a2aad93\" data-element_type=\"widget\" data-widget_type=\"heading.default\">\n\t\t\t\t\t<p class=\"elementor-heading-title elementor-size-default\">\ud83d\udca1\u00a0FAQ<\/p>\t\t\t\t<\/div>\n\t\t\t\t<div class=\"elementor-element elementor-element-196d30c title-m elementor-widget__width-initial elementor-widget elementor-widget-text-editor\" data-id=\"196d30c\" data-element_type=\"widget\" data-widget_type=\"text-editor.default\">\n\t\t\t\t\t\t\t\t\t<p>Une question ? Consultez notre FAQ, \u00e9crivez-nous un e-mail<br \/>ou envoyez-nous un WhatsApp !<\/p>\t\t\t\t\t\t\t\t<\/div>\n\t\t\t\t<\/div>\n\t\t\t\t\t<\/div>\n\t\t\t\t<\/div>\n\t\t\t\t<\/div>\n\t\t","protected":false},"excerpt":{"rendered":"<p>D\u00e9marrer mon essai Retrouvez ici les infos essentielles pour garantir votre exp\u00e9rience chez Slowe ! \ud83d\udccdLocalisation Retrouvez-nous au 30, rue d\u2019Enghien Paris 10 Pr\u00e9sentez-vous au Coffee Shop pour acc\u00e9der au Studio et **valider** votre pr\u00e9sence ! \ud83e\udd0d Du temps pour vous (et pour nous) Nous vous demandons de bien vouloir arriver 10 minutes avant le [&hellip;]<\/p>\n","protected":false},"author":1,"featured_media":0,"parent":0,"menu_order":0,"comment_status":"closed","ping_status":"closed","template":"","meta":{"footnotes":""},"class_list":["post-989","page","type-page","status-publish","hentry"],"_links":{"self":[{"href":"https:\/\/refonte.slowe-studio.com\/refonte\/index.php\/wp-json\/wp\/v2\/pages\/989","targetHints":{"allow":["GET"]}}],"collection":[{"href":"https:\/\/refonte.slowe-studio.com\/refonte\/index.php\/wp-json\/wp\/v2\/pages"}],"about":[{"href":"https:\/\/refonte.slowe-studio.com\/refonte\/index.php\/wp-json\/wp\/v2\/types\/page"}],"author":[{"embeddable":true,"href":"https:\/\/refonte.slowe-studio.com\/refonte\/index.php\/wp-json\/wp\/v2\/users\/1"}],"replies":[{"embeddable":true,"href":"https:\/\/refonte.slowe-studio.com\/refonte\/index.php\/wp-json\/wp\/v2\/comments?post=989"}],"version-history":[{"count":7,"href":"https:\/\/refonte.slowe-studio.com\/refonte\/index.php\/wp-json\/wp\/v2\/pages\/989\/revisions"}],"predecessor-version":[{"id":2729,"href":"https:\/\/refonte.slowe-studio.com\/refonte\/index.php\/wp-json\/wp\/v2\/pages\/989\/revisions\/2729"}],"wp:attachment":[{"href":"https:\/\/refonte.slowe-studio.com\/refonte\/index.php\/wp-json\/wp\/v2\/media?parent=989"}],"curies":[{"name":"wp","href":"https:\/\/api.w.org\/{rel}","templated":true}]}}