{"id":983,"date":"2025-09-16T07:02:18","date_gmt":"2025-09-16T07:02:18","guid":{"rendered":"https:\/\/refonte.slowe-studio.com\/refonte\/?page_id=983"},"modified":"2025-12-28T21:49:55","modified_gmt":"2025-12-28T21:49:55","slug":"offre-essai","status":"publish","type":"page","link":"https:\/\/refonte.slowe-studio.com\/refonte\/index.php\/offre-essai\/","title":{"rendered":"Funnel 1"},"content":{"rendered":"\t\t<div data-elementor-type=\"wp-page\" data-elementor-id=\"983\" class=\"elementor elementor-983\" data-elementor-post-type=\"page\">\n\t\t\t\t<div class=\"elementor-element elementor-element-10f8bea e-flex e-con-boxed e-con e-parent\" data-id=\"10f8bea\" data-element_type=\"container\">\n\t\t\t\t\t<div class=\"e-con-inner\">\n\t\t<div class=\"elementor-element elementor-element-34b24b1 e-con-full e-flex e-con e-child\" data-id=\"34b24b1\" data-element_type=\"container\">\n\t\t\t\t<div class=\"elementor-element elementor-element-ca64dee elementor-widget elementor-widget-image\" data-id=\"ca64dee\" data-element_type=\"widget\" data-widget_type=\"image.default\">\n\t\t\t\t\t\t\t\t\t\t\t\t\t\t\t<img fetchpriority=\"high\" decoding=\"async\" width=\"690\" height=\"592\" src=\"https:\/\/refonte.slowe-studio.com\/refonte\/wp-content\/uploads\/2025\/09\/Main-Content.jpg\" class=\"attachment-large size-large wp-image-1967\" alt=\"\" srcset=\"https:\/\/refonte.slowe-studio.com\/refonte\/wp-content\/uploads\/2025\/09\/Main-Content.jpg 690w, https:\/\/refonte.slowe-studio.com\/refonte\/wp-content\/uploads\/2025\/09\/Main-Content-300x257.jpg 300w\" sizes=\"(max-width: 690px) 100vw, 690px\" \/>\t\t\t\t\t\t\t\t\t\t\t\t\t\t\t<\/div>\n\t\t\t\t<\/div>\n\t\t<div class=\"elementor-element elementor-element-e2c4b78 e-con-full e-flex e-con e-child\" data-id=\"e2c4b78\" data-element_type=\"container\">\n\t\t<div class=\"elementor-element elementor-element-f33264f e-con-full e-flex e-con e-child\" data-id=\"f33264f\" data-element_type=\"container\">\n\t\t\t\t<div class=\"elementor-element elementor-element-b4c7462 title-xl elementor-invisible elementor-widget elementor-widget-heading\" data-id=\"b4c7462\" data-element_type=\"widget\" data-settings=\"{&quot;_animation&quot;:&quot;fadeInUp&quot;}\" data-widget_type=\"heading.default\">\n\t\t\t\t\t<p class=\"elementor-heading-title elementor-size-default\">Chez Slowe, nous croyons que l\u2019\u00e9quilibre corps\u2013esprit se construit en variant les disciplines.<\/p>\t\t\t\t<\/div>\n\t\t\t\t<div class=\"elementor-element elementor-element-5e94043 text-body elementor-invisible elementor-widget elementor-widget-text-editor\" data-id=\"5e94043\" data-element_type=\"widget\" data-settings=\"{&quot;_animation&quot;:&quot;fadeInUp&quot;}\" data-widget_type=\"text-editor.default\">\n\t\t\t\t\t\t\t\t\t<p>Pilates, Hyrox, Yoga, Mobilit\u00e9, Renforcement musculaire, Cardio, Respiration : d\u00e9couvrez chez nous plus de 10 formats emmen\u00e9s par les meilleurs coachs de la capitale.<\/p><p>Baign\u00e9s de lumi\u00e8re, nos studios abritent un coffee shop et sont pens\u00e9s comme des lieux hors du temps \u2014 pour vous <b>sortir du quotidien<\/b>\u00a0et <b>reprendre le contr\u00f4le<\/b> de votre rythme.<\/p>\t\t\t\t\t\t\t\t<\/div>\n\t\t\t\t<\/div>\n\t\t<div class=\"elementor-element elementor-element-d2893f3 e-con-full e-flex e-con e-child\" data-id=\"d2893f3\" data-element_type=\"container\">\n\t\t\t\t<div class=\"elementor-element elementor-element-fd6c747 elementor-widget__width-auto elementor-mobile-align-justify cta-responsive elementor-widget-mobile__width-initial elementor-invisible elementor-widget elementor-widget-button\" data-id=\"fd6c747\" data-element_type=\"widget\" data-settings=\"{&quot;_animation&quot;:&quot;fadeInUp&quot;,&quot;_animation_delay&quot;:200}\" data-widget_type=\"button.default\">\n\t\t\t\t\t\t\t\t\t\t<a class=\"elementor-button elementor-button-link elementor-size-sm\" href=\"\/refonte\/index.php\/funnel-2\">\n\t\t\t\t\t\t<span class=\"elementor-button-content-wrapper\">\n\t\t\t\t\t\t\t\t\t<span class=\"elementor-button-text\">Suivant<\/span>\n\t\t\t\t\t<\/span>\n\t\t\t\t\t<\/a>\n\t\t\t\t\t\t\t\t<\/div>\n\t\t\t\t<div class=\"elementor-element elementor-element-2c76830 elementor-widget__width-auto elementor-mobile-align-justify cta-responsive elementor-invisible elementor-widget elementor-widget-button\" data-id=\"2c76830\" data-element_type=\"widget\" data-settings=\"{&quot;_animation&quot;:&quot;fadeInUp&quot;,&quot;_animation_delay&quot;:300}\" data-widget_type=\"button.default\">\n\t\t\t\t\t\t\t\t\t\t<a class=\"elementor-button elementor-button-link elementor-size-sm\" href=\"https:\/\/backoffice.bsport.io\/checkout\/434\/subscription\/40120?force=true\">\n\t\t\t\t\t\t<span class=\"elementor-button-content-wrapper\">\n\t\t\t\t\t\t\t\t\t<span class=\"elementor-button-text\">D\u00e9marrer mon essai<\/span>\n\t\t\t\t\t<\/span>\n\t\t\t\t\t<\/a>\n\t\t\t\t\t\t\t\t<\/div>\n\t\t\t\t<\/div>\n\t\t\t\t<\/div>\n\t\t\t\t\t<\/div>\n\t\t\t\t<\/div>\n\t\t\t\t<\/div>\n\t\t","protected":false},"excerpt":{"rendered":"<p>Chez Slowe, nous croyons que l\u2019\u00e9quilibre corps\u2013esprit se construit en variant les disciplines. Pilates, Hyrox, Yoga, Mobilit\u00e9, Renforcement musculaire, Cardio, Respiration : d\u00e9couvrez chez nous plus de 10 formats emmen\u00e9s par les meilleurs coachs de la capitale. Baign\u00e9s de lumi\u00e8re, nos studios abritent un coffee shop et sont pens\u00e9s comme des lieux hors du temps [&hellip;]<\/p>\n","protected":false},"author":1,"featured_media":0,"parent":0,"menu_order":0,"comment_status":"closed","ping_status":"closed","template":"","meta":{"footnotes":""},"class_list":["post-983","page","type-page","status-publish","hentry"],"_links":{"self":[{"href":"https:\/\/refonte.slowe-studio.com\/refonte\/index.php\/wp-json\/wp\/v2\/pages\/983","targetHints":{"allow":["GET"]}}],"collection":[{"href":"https:\/\/refonte.slowe-studio.com\/refonte\/index.php\/wp-json\/wp\/v2\/pages"}],"about":[{"href":"https:\/\/refonte.slowe-studio.com\/refonte\/index.php\/wp-json\/wp\/v2\/types\/page"}],"author":[{"embeddable":true,"href":"https:\/\/refonte.slowe-studio.com\/refonte\/index.php\/wp-json\/wp\/v2\/users\/1"}],"replies":[{"embeddable":true,"href":"https:\/\/refonte.slowe-studio.com\/refonte\/index.php\/wp-json\/wp\/v2\/comments?post=983"}],"version-history":[{"count":37,"href":"https:\/\/refonte.slowe-studio.com\/refonte\/index.php\/wp-json\/wp\/v2\/pages\/983\/revisions"}],"predecessor-version":[{"id":3284,"href":"https:\/\/refonte.slowe-studio.com\/refonte\/index.php\/wp-json\/wp\/v2\/pages\/983\/revisions\/3284"}],"wp:attachment":[{"href":"https:\/\/refonte.slowe-studio.com\/refonte\/index.php\/wp-json\/wp\/v2\/media?parent=983"}],"curies":[{"name":"wp","href":"https:\/\/api.w.org\/{rel}","templated":true}]}}