{"id":962,"date":"2025-09-16T06:57:04","date_gmt":"2025-09-16T06:57:04","guid":{"rendered":"https:\/\/refonte.slowe-studio.com\/refonte\/?page_id=962"},"modified":"2025-12-28T21:11:37","modified_gmt":"2025-12-28T21:11:37","slug":"planning","status":"publish","type":"page","link":"https:\/\/refonte.slowe-studio.com\/refonte\/index.php\/planning\/","title":{"rendered":"Planning"},"content":{"rendered":"\t\t<div data-elementor-type=\"wp-page\" data-elementor-id=\"962\" class=\"elementor elementor-962\" data-elementor-post-type=\"page\">\n\t\t\t\t<div class=\"elementor-element elementor-element-643da48f e-flex e-con-boxed e-con e-parent\" data-id=\"643da48f\" data-element_type=\"container\">\n\t\t\t\t\t<div class=\"e-con-inner\">\n\t\t\t\t<div class=\"elementor-element elementor-element-4709ef2e title-xxl elementor-widget elementor-widget-heading\" data-id=\"4709ef2e\" data-element_type=\"widget\" data-widget_type=\"heading.default\">\n\t\t\t\t\t<p class=\"elementor-heading-title elementor-size-default\">Planning<\/p>\t\t\t\t<\/div>\n\t\t\t\t<div class=\"elementor-element elementor-element-267fdd21 text-body elementor-widget elementor-widget-text-editor\" data-id=\"267fdd21\" data-element_type=\"widget\" data-widget_type=\"text-editor.default\">\n\t\t\t\t\t\t\t\t\t<p>D\u00e9couvrez nos cours signature, des sessions uniques fa\u00e7onn\u00e9es par l&rsquo;expertise et le style de nos coachs. Chaque session est le fruit de leur exp\u00e9rience et de leur individualit\u00e9.<\/p>\t\t\t\t\t\t\t\t<\/div>\n\t\t\t\t\t<\/div>\n\t\t\t\t<\/div>\n\t\t<div class=\"elementor-element elementor-element-629cf8e e-flex e-con-boxed e-con e-parent\" data-id=\"629cf8e\" data-element_type=\"container\">\n\t\t\t\t\t<div class=\"e-con-inner\">\n\t\t\t\t<div class=\"elementor-element elementor-element-2685935 e-n-tabs-none elementor-widget elementor-widget-n-tabs\" data-id=\"2685935\" data-element_type=\"widget\" data-settings=\"{&quot;tabs_justify_horizontal&quot;:&quot;center&quot;,&quot;tabs_justify_horizontal_mobile&quot;:&quot;center&quot;,&quot;horizontal_scroll&quot;:&quot;disable&quot;}\" data-widget_type=\"nested-tabs.default\">\n\t\t\t\t\t\t\t<div class=\"e-n-tabs\" data-widget-number=\"40393013\" aria-label=\"Onglets. Ouvrez des \u00e9l\u00e9ments avec Entrer ou Espace, fermez-les avec Echape et naviguez \u00e0 l&#039;aide des touches fl\u00e9ch\u00e9es.\">\n\t\t\t<div class=\"e-n-tabs-heading\" role=\"tablist\">\n\t\t\t\t\t<button id=\"e-n-tab-title-403930131\" data-tab-title-id=\"e-n-tab-title-403930131\" class=\"e-n-tab-title\" aria-selected=\"true\" data-tab-index=\"1\" role=\"tab\" tabindex=\"0\" aria-controls=\"e-n-tab-content-403930131\" style=\"--n-tabs-title-order: 1;\">\n\t\t\t\t\t<span class=\"e-n-tab-icon\">\n\t\t\t<svg xmlns=\"http:\/\/www.w3.org\/2000\/svg\" width=\"1\" height=\"23\" viewBox=\"0 0 1 23\" fill=\"none\"><line x1=\"0.5\" y1=\"2.18557e-08\" x2=\"0.499999\" y2=\"23\" stroke=\"#F0EFEC\"><\/line><\/svg>\t\t\t<svg xmlns=\"http:\/\/www.w3.org\/2000\/svg\" width=\"1\" height=\"23\" viewBox=\"0 0 1 23\" fill=\"none\"><line x1=\"0.5\" y1=\"2.18557e-08\" x2=\"0.499999\" y2=\"23\" stroke=\"#F0EFEC\"><\/line><\/svg>\t\t<\/span>\n\t\t\t\t\t<span class=\"e-n-tab-title-text\">\n\t\t\t\tPilates \t\t\t<\/span>\n\t\t<\/button>\n\t\t\t\t<button id=\"e-n-tab-title-403930132\" data-tab-title-id=\"e-n-tab-title-403930132\" class=\"e-n-tab-title\" aria-selected=\"false\" data-tab-index=\"2\" role=\"tab\" tabindex=\"-1\" aria-controls=\"e-n-tab-content-403930132\" style=\"--n-tabs-title-order: 2;\">\n\t\t\t\t\t<span class=\"e-n-tab-icon\">\n\t\t\t<svg xmlns=\"http:\/\/www.w3.org\/2000\/svg\" width=\"1\" height=\"23\" viewBox=\"0 0 1 23\" fill=\"none\"><line x1=\"0.5\" y1=\"2.18557e-08\" x2=\"0.499999\" y2=\"23\" stroke=\"#F0EFEC\"><\/line><\/svg>\t\t\t<svg xmlns=\"http:\/\/www.w3.org\/2000\/svg\" width=\"1\" height=\"23\" viewBox=\"0 0 1 23\" fill=\"none\"><line x1=\"0.5\" y1=\"2.18557e-08\" x2=\"0.499999\" y2=\"23\" stroke=\"#F0EFEC\"><\/line><\/svg>\t\t<\/span>\n\t\t\t\t\t<span class=\"e-n-tab-title-text\">\n\t\t\t\tHyrox\t\t\t<\/span>\n\t\t<\/button>\n\t\t\t\t<button id=\"e-n-tab-title-403930133\" data-tab-title-id=\"e-n-tab-title-403930133\" class=\"e-n-tab-title\" aria-selected=\"false\" data-tab-index=\"3\" role=\"tab\" tabindex=\"-1\" aria-controls=\"e-n-tab-content-403930133\" style=\"--n-tabs-title-order: 3;\">\n\t\t\t\t\t<span class=\"e-n-tab-icon\">\n\t\t\t<svg xmlns=\"http:\/\/www.w3.org\/2000\/svg\" width=\"1\" height=\"23\" viewBox=\"0 0 1 23\" fill=\"none\"><line x1=\"0.5\" y1=\"2.18557e-08\" x2=\"0.499999\" y2=\"23\" stroke=\"#F0EFEC\"><\/line><\/svg>\t\t\t<svg xmlns=\"http:\/\/www.w3.org\/2000\/svg\" width=\"1\" height=\"23\" viewBox=\"0 0 1 23\" fill=\"none\"><line x1=\"0.5\" y1=\"2.18557e-08\" x2=\"0.499999\" y2=\"23\" stroke=\"#F0EFEC\"><\/line><\/svg>\t\t<\/span>\n\t\t\t\t\t<span class=\"e-n-tab-title-text\">\n\t\t\t\tBootcamp\t\t\t<\/span>\n\t\t<\/button>\n\t\t\t\t<button id=\"e-n-tab-title-403930134\" data-tab-title-id=\"e-n-tab-title-403930134\" class=\"e-n-tab-title\" aria-selected=\"false\" data-tab-index=\"4\" role=\"tab\" tabindex=\"-1\" aria-controls=\"e-n-tab-content-403930134\" style=\"--n-tabs-title-order: 4;\">\n\t\t\t\t\t<span class=\"e-n-tab-icon\">\n\t\t\t<svg xmlns=\"http:\/\/www.w3.org\/2000\/svg\" width=\"1\" height=\"23\" viewBox=\"0 0 1 23\" fill=\"none\"><line x1=\"0.5\" y1=\"2.18557e-08\" x2=\"0.499999\" y2=\"23\" stroke=\"#F0EFEC\"><\/line><\/svg>\t\t\t<svg xmlns=\"http:\/\/www.w3.org\/2000\/svg\" width=\"1\" height=\"23\" viewBox=\"0 0 1 23\" fill=\"none\"><line x1=\"0.5\" y1=\"2.18557e-08\" x2=\"0.499999\" y2=\"23\" stroke=\"#F0EFEC\"><\/line><\/svg>\t\t<\/span>\n\t\t\t\t\t<span class=\"e-n-tab-title-text\">\n\t\t\t\tYoga\t\t\t<\/span>\n\t\t<\/button>\n\t\t\t\t<button id=\"e-n-tab-title-403930135\" data-tab-title-id=\"e-n-tab-title-403930135\" class=\"e-n-tab-title\" aria-selected=\"false\" data-tab-index=\"5\" role=\"tab\" tabindex=\"-1\" aria-controls=\"e-n-tab-content-403930135\" style=\"--n-tabs-title-order: 5;\">\n\t\t\t\t\t<span class=\"e-n-tab-icon\">\n\t\t\t<svg xmlns=\"http:\/\/www.w3.org\/2000\/svg\" width=\"1\" height=\"23\" viewBox=\"0 0 1 23\" fill=\"none\"><line x1=\"0.5\" y1=\"2.18557e-08\" x2=\"0.499999\" y2=\"23\" stroke=\"#F0EFEC\"><\/line><\/svg>\t\t\t<svg xmlns=\"http:\/\/www.w3.org\/2000\/svg\" width=\"1\" height=\"23\" viewBox=\"0 0 1 23\" fill=\"none\"><line x1=\"0.5\" y1=\"2.18557e-08\" x2=\"0.499999\" y2=\"23\" stroke=\"#F0EFEC\"><\/line><\/svg>\t\t<\/span>\n\t\t\t\t\t<span class=\"e-n-tab-title-text\">\n\t\t\t\tHIIT\t\t\t<\/span>\n\t\t<\/button>\n\t\t\t\t<button id=\"e-n-tab-title-403930136\" data-tab-title-id=\"e-n-tab-title-403930136\" class=\"e-n-tab-title\" aria-selected=\"false\" data-tab-index=\"6\" role=\"tab\" tabindex=\"-1\" aria-controls=\"e-n-tab-content-403930136\" style=\"--n-tabs-title-order: 6;\">\n\t\t\t\t\t\t<span class=\"e-n-tab-title-text\">\n\t\t\t\tBreathwork\t\t\t<\/span>\n\t\t<\/button>\n\t\t\t\t\t<\/div>\n\t\t\t<div class=\"e-n-tabs-content\">\n\t\t\t\t<div id=\"e-n-tab-content-403930131\" role=\"tabpanel\" aria-labelledby=\"e-n-tab-title-403930131\" data-tab-index=\"1\" style=\"--n-tabs-title-order: 1;\" class=\"e-active elementor-element elementor-element-18015cb e-con-full e-flex e-con e-child\" data-id=\"18015cb\" data-element_type=\"container\">\n\t\t<div class=\"elementor-element elementor-element-46e7074 e-con-full e-flex e-con e-child\" data-id=\"46e7074\" data-element_type=\"container\">\n\t\t\t\t<div class=\"elementor-element elementor-element-1f53354 elementor-widget elementor-widget-html\" data-id=\"1f53354\" data-element_type=\"widget\" data-widget_type=\"html.default\">\n\t\t\t\t\t<script id=\"insert-bsport-widget-cdn\">!function (b, s, p, o, r, t) { typeof window.BsportWidget === \"undefined\" && !document.getElementById(\"bsport-widget-cdn\") && !function () { m = b.createElement(s), m.id = \"bsport-widget-cdn\", m.src = p, b.getElementsByTagName(\"head\")[0].appendChild(m) }() }(document, \"script\", \"https:\/\/cdn.bsport.io\/scripts\/widget.js\")<\/script>\n    <script id=\"bsport-widget-mount\">\n        function MountBsportWidget(config, repeat=1) {\n            if (repeat > 50) { return }\n            if (!window.BsportWidget) {\n                return setTimeout(() => {\n                    MountBsportWidget(config,repeat+1)\n                }, 100 * repeat || 1)\n            }\n            BsportWidget.mount(config)\n        }\n    <\/script>\n    <script>\n        MountBsportWidget({\n                \"parentElement\": \"bsport-widget-773380\",\n                \"companyId\": 434,\n                \"franchiseId\": null,\n                \"dialogMode\": 1,\n                \"widgetType\": \"calendar\", \n                \"showFab\": false,\n                \"fullScreenPopup\": false,\n                \"styles\":undefined,\n                \"config\": {\n                    \"calendar\": {                \"coaches\": [],\n                \"establishments\": [],\n                \"metaActivities\": [\n                    15538,\n                    22647,\n                    33398,\n                    35420,\n                    50203,\n                    108885,\n                    108887,\n                    109184,\n                    113857,\n                    138686,\n                    155120,\n                    175883,\n                    175884,\n                    176184\n                ],\n                \"levels\": [],\n                \"variant\": null,\n                \"groupSessionByPeriod\": true,\n                \"todayOnly\": false,\n                \"compactMode\": null}\n                }  \n            })\n    <\/script>\n<div id=\"bsport-widget-773380\"><\/div>\t\t\t\t<\/div>\n\t\t\t\t<\/div>\n\t\t\t\t<\/div>\n\t\t<div id=\"e-n-tab-content-403930132\" role=\"tabpanel\" aria-labelledby=\"e-n-tab-title-403930132\" data-tab-index=\"2\" style=\"--n-tabs-title-order: 2;\" class=\" elementor-element elementor-element-6975eca e-con-full e-flex e-con e-child\" data-id=\"6975eca\" data-element_type=\"container\">\n\t\t<div class=\"elementor-element elementor-element-de09daa e-flex e-con-boxed e-con e-child\" data-id=\"de09daa\" data-element_type=\"container\">\n\t\t\t\t\t<div class=\"e-con-inner\">\n\t\t\t\t<div class=\"elementor-element elementor-element-5893e7c elementor-widget elementor-widget-html\" data-id=\"5893e7c\" data-element_type=\"widget\" data-widget_type=\"html.default\">\n\t\t\t\t\t<script id=\"insert-bsport-widget-cdn\">!function (b, s, p, o, r, t) { typeof window.BsportWidget === \"undefined\" && !document.getElementById(\"bsport-widget-cdn\") && !function () { m = b.createElement(s), m.id = \"bsport-widget-cdn\", m.src = p, b.getElementsByTagName(\"head\")[0].appendChild(m) }() }(document, \"script\", \"https:\/\/cdn.bsport.io\/scripts\/widget.js\")<\/script>\n    <script id=\"bsport-widget-mount\">\n        function MountBsportWidget(config, repeat=1) {\n            if (repeat > 50) { return }\n            if (!window.BsportWidget) {\n                return setTimeout(() => {\n                    MountBsportWidget(config,repeat+1)\n                }, 100 * repeat || 1)\n            }\n            BsportWidget.mount(config)\n        }\n    <\/script>\n    <script>\n        MountBsportWidget({\n                \"parentElement\": \"bsport-widget-262554\",\n                \"companyId\": 434,\n                \"franchiseId\": null,\n                \"dialogMode\": 1,\n                \"widgetType\": \"calendar\", \n                \"showFab\": false,\n                \"fullScreenPopup\": false,\n                \"styles\":undefined,\n                \"config\": {\n                    \"calendar\": {                \"metaActivities\": [\n                    161418,\n                    162058,\n                    208625\n                ]}\n                }  \n            })\n    <\/script>\n<div id=\"bsport-widget-262554\"><\/div>\t\t\t\t<\/div>\n\t\t\t\t\t<\/div>\n\t\t\t\t<\/div>\n\t\t\t\t<\/div>\n\t\t<div id=\"e-n-tab-content-403930133\" role=\"tabpanel\" aria-labelledby=\"e-n-tab-title-403930133\" data-tab-index=\"3\" style=\"--n-tabs-title-order: 3;\" class=\" elementor-element elementor-element-9b8231d e-con-full e-flex e-con e-child\" data-id=\"9b8231d\" data-element_type=\"container\">\n\t\t<div class=\"elementor-element elementor-element-799e37b e-flex e-con-boxed e-con e-child\" data-id=\"799e37b\" data-element_type=\"container\">\n\t\t\t\t\t<div class=\"e-con-inner\">\n\t\t\t\t<div class=\"elementor-element elementor-element-a701424 elementor-widget elementor-widget-html\" data-id=\"a701424\" data-element_type=\"widget\" data-widget_type=\"html.default\">\n\t\t\t\t\t<script id=\"insert-bsport-widget-cdn\">!function (b, s, p, o, r, t) { typeof window.BsportWidget === \"undefined\" && !document.getElementById(\"bsport-widget-cdn\") && !function () { m = b.createElement(s), m.id = \"bsport-widget-cdn\", m.src = p, b.getElementsByTagName(\"head\")[0].appendChild(m) }() }(document, \"script\", \"https:\/\/cdn.bsport.io\/scripts\/widget.js\")<\/script>\n    <script id=\"bsport-widget-mount\">\n        function MountBsportWidget(config, repeat=1) {\n            if (repeat > 50) { return }\n            if (!window.BsportWidget) {\n                return setTimeout(() => {\n                    MountBsportWidget(config,repeat+1)\n                }, 100 * repeat || 1)\n            }\n            BsportWidget.mount(config)\n        }\n    <\/script>\n    <script>\n        MountBsportWidget({\n                \"parentElement\": \"bsport-widget-567449\",\n                \"companyId\": 434,\n                \"franchiseId\": null,\n                \"dialogMode\": 1,\n                \"widgetType\": \"calendar\", \n                \"showFab\": false,\n                \"fullScreenPopup\": false,\n                \"styles\":undefined,\n                \"config\": {\n                    \"calendar\": {                \"metaActivities\": [\n                    59509,\n                    59510,\n                    108876,\n                    108877\n                ]}\n                }  \n            })\n    <\/script>\n<div id=\"bsport-widget-567449\"><\/div>\t\t\t\t<\/div>\n\t\t\t\t\t<\/div>\n\t\t\t\t<\/div>\n\t\t\t\t<\/div>\n\t\t<div id=\"e-n-tab-content-403930134\" role=\"tabpanel\" aria-labelledby=\"e-n-tab-title-403930134\" data-tab-index=\"4\" style=\"--n-tabs-title-order: 4;\" class=\" elementor-element elementor-element-bc2924d e-con-full e-flex e-con e-child\" data-id=\"bc2924d\" data-element_type=\"container\">\n\t\t<div class=\"elementor-element elementor-element-4d3674f e-flex e-con-boxed e-con e-child\" data-id=\"4d3674f\" data-element_type=\"container\">\n\t\t\t\t\t<div class=\"e-con-inner\">\n\t\t\t\t<div class=\"elementor-element elementor-element-c14eba6 elementor-widget elementor-widget-html\" data-id=\"c14eba6\" data-element_type=\"widget\" data-widget_type=\"html.default\">\n\t\t\t\t\t<script id=\"insert-bsport-widget-cdn\">!function (b, s, p, o, r, t) { typeof window.BsportWidget === \"undefined\" && !document.getElementById(\"bsport-widget-cdn\") && !function () { m = b.createElement(s), m.id = \"bsport-widget-cdn\", m.src = p, b.getElementsByTagName(\"head\")[0].appendChild(m) }() }(document, \"script\", \"https:\/\/cdn.bsport.io\/scripts\/widget.js\")<\/script>\n    <script id=\"bsport-widget-mount\">\n        function MountBsportWidget(config, repeat=1) {\n            if (repeat > 50) { return }\n            if (!window.BsportWidget) {\n                return setTimeout(() => {\n                    MountBsportWidget(config,repeat+1)\n                }, 100 * repeat || 1)\n            }\n            BsportWidget.mount(config)\n        }\n    <\/script>\n    <script>\n        MountBsportWidget({\n                \"parentElement\": \"bsport-widget-543833\",\n                \"companyId\": 434,\n                \"franchiseId\": null,\n                \"dialogMode\": 1,\n                \"widgetType\": \"calendar\", \n                \"showFab\": false,\n                \"fullScreenPopup\": false,\n                \"styles\":undefined,\n                \"config\": {\n                    \"calendar\": {                \"coaches\": [],\n                \"establishments\": [],\n                \"metaActivities\": [\n                    14233,\n                    78712,\n                    108875,\n                    168261,\n                    218598,\n                    218657\n                ],\n                \"levels\": [],\n                \"variant\": null,\n                \"groupSessionByPeriod\": true}\n                }  \n            })\n    <\/script>\n<div id=\"bsport-widget-543833\"><\/div>\t\t\t\t<\/div>\n\t\t\t\t\t<\/div>\n\t\t\t\t<\/div>\n\t\t\t\t<\/div>\n\t\t<div id=\"e-n-tab-content-403930135\" role=\"tabpanel\" aria-labelledby=\"e-n-tab-title-403930135\" data-tab-index=\"5\" style=\"--n-tabs-title-order: 5;\" class=\" elementor-element elementor-element-93626a1 e-con-full e-flex e-con e-child\" data-id=\"93626a1\" data-element_type=\"container\">\n\t\t<div class=\"elementor-element elementor-element-23b6e31 e-flex e-con-boxed e-con e-child\" data-id=\"23b6e31\" data-element_type=\"container\">\n\t\t\t\t\t<div class=\"e-con-inner\">\n\t\t\t\t<div class=\"elementor-element elementor-element-e1962aa elementor-widget elementor-widget-html\" data-id=\"e1962aa\" data-element_type=\"widget\" data-widget_type=\"html.default\">\n\t\t\t\t\t<script id=\"insert-bsport-widget-cdn\">!function (b, s, p, o, r, t) { typeof window.BsportWidget === \"undefined\" && !document.getElementById(\"bsport-widget-cdn\") && !function () { m = b.createElement(s), m.id = \"bsport-widget-cdn\", m.src = p, b.getElementsByTagName(\"head\")[0].appendChild(m) }() }(document, \"script\", \"https:\/\/cdn.bsport.io\/scripts\/widget.js\")<\/script>\n    <script id=\"bsport-widget-mount\">\n        function MountBsportWidget(config, repeat=1) {\n            if (repeat > 50) { return }\n            if (!window.BsportWidget) {\n                return setTimeout(() => {\n                    MountBsportWidget(config,repeat+1)\n                }, 100 * repeat || 1)\n            }\n            BsportWidget.mount(config)\n        }\n    <\/script>\n    <script>\n        MountBsportWidget({\n                \"parentElement\": \"bsport-widget-239330\",\n                \"companyId\": 434,\n                \"franchiseId\": null,\n                \"dialogMode\": 1,\n                \"widgetType\": \"calendar\", \n                \"showFab\": false,\n                \"fullScreenPopup\": false,\n                \"styles\":undefined,\n                \"config\": {\n                    \"calendar\": {                \"metaActivities\": [\n                    14648,\n                    108894\n                ]}\n                }  \n            })\n    <\/script>\n<div id=\"bsport-widget-239330\"><\/div>\t\t\t\t<\/div>\n\t\t\t\t\t<\/div>\n\t\t\t\t<\/div>\n\t\t\t\t<\/div>\n\t\t<div id=\"e-n-tab-content-403930136\" role=\"tabpanel\" aria-labelledby=\"e-n-tab-title-403930136\" data-tab-index=\"6\" style=\"--n-tabs-title-order: 6;\" class=\" elementor-element elementor-element-d61c094 e-con-full e-flex e-con e-child\" data-id=\"d61c094\" data-element_type=\"container\">\n\t\t<div class=\"elementor-element elementor-element-d4df638 e-flex e-con-boxed e-con e-child\" data-id=\"d4df638\" data-element_type=\"container\">\n\t\t\t\t\t<div class=\"e-con-inner\">\n\t\t\t\t<div class=\"elementor-element elementor-element-60d230c elementor-widget elementor-widget-html\" data-id=\"60d230c\" data-element_type=\"widget\" data-widget_type=\"html.default\">\n\t\t\t\t\t<script id=\"insert-bsport-widget-cdn\">!function (b, s, p, o, r, t) { typeof window.BsportWidget === \"undefined\" && !document.getElementById(\"bsport-widget-cdn\") && !function () { m = b.createElement(s), m.id = \"bsport-widget-cdn\", m.src = p, b.getElementsByTagName(\"head\")[0].appendChild(m) }() }(document, \"script\", \"https:\/\/cdn.bsport.io\/scripts\/widget.js\")<\/script>\n    <script id=\"bsport-widget-mount\">\n        function MountBsportWidget(config, repeat=1) {\n            if (repeat > 50) { return }\n            if (!window.BsportWidget) {\n                return setTimeout(() => {\n                    MountBsportWidget(config,repeat+1)\n                }, 100 * repeat || 1)\n            }\n            BsportWidget.mount(config)\n        }\n    <\/script>\n    <script>\n        MountBsportWidget({\n                \"parentElement\": \"bsport-widget-964927\",\n                \"companyId\": 434,\n                \"franchiseId\": null,\n                \"dialogMode\": 1,\n                \"widgetType\": \"workshop\", \n                \"showFab\": false,\n                \"fullScreenPopup\": false,\n                \"styles\":undefined,\n                \"config\": {\n                    \"workshop\": {                \"coaches\": [],\n                \"establishments\": [],\n                \"metaActivities\": [\n                    55114\n                ],\n                \"levels\": []}\n                }  \n            })\n    <\/script>\n<div id=\"bsport-widget-964927\"><\/div>\t\t\t\t<\/div>\n\t\t\t\t\t<\/div>\n\t\t\t\t<\/div>\n\t\t\t\t<\/div>\n\t\t\t\t\t<\/div>\n\t\t<\/div>\n\t\t\t\t\t\t<\/div>\n\t\t\t\t\t<\/div>\n\t\t\t\t<\/div>\n\t\t\t\t<\/div>\n\t\t","protected":false},"excerpt":{"rendered":"<p>Planning D\u00e9couvrez nos cours signature, des sessions uniques fa\u00e7onn\u00e9es par l&rsquo;expertise et le style de nos coachs. Chaque session est le fruit de leur exp\u00e9rience et de leur individualit\u00e9. Pilates Hyrox Bootcamp Yoga HIIT Breathwork<\/p>\n","protected":false},"author":1,"featured_media":0,"parent":0,"menu_order":0,"comment_status":"closed","ping_status":"closed","template":"","meta":{"footnotes":""},"class_list":["post-962","page","type-page","status-publish","hentry"],"_links":{"self":[{"href":"https:\/\/refonte.slowe-studio.com\/refonte\/index.php\/wp-json\/wp\/v2\/pages\/962","targetHints":{"allow":["GET"]}}],"collection":[{"href":"https:\/\/refonte.slowe-studio.com\/refonte\/index.php\/wp-json\/wp\/v2\/pages"}],"about":[{"href":"https:\/\/refonte.slowe-studio.com\/refonte\/index.php\/wp-json\/wp\/v2\/types\/page"}],"author":[{"embeddable":true,"href":"https:\/\/refonte.slowe-studio.com\/refonte\/index.php\/wp-json\/wp\/v2\/users\/1"}],"replies":[{"embeddable":true,"href":"https:\/\/refonte.slowe-studio.com\/refonte\/index.php\/wp-json\/wp\/v2\/comments?post=962"}],"version-history":[{"count":61,"href":"https:\/\/refonte.slowe-studio.com\/refonte\/index.php\/wp-json\/wp\/v2\/pages\/962\/revisions"}],"predecessor-version":[{"id":3278,"href":"https:\/\/refonte.slowe-studio.com\/refonte\/index.php\/wp-json\/wp\/v2\/pages\/962\/revisions\/3278"}],"wp:attachment":[{"href":"https:\/\/refonte.slowe-studio.com\/refonte\/index.php\/wp-json\/wp\/v2\/media?parent=962"}],"curies":[{"name":"wp","href":"https:\/\/api.w.org\/{rel}","templated":true}]}}