{"id":950,"date":"2025-09-16T06:54:21","date_gmt":"2025-09-16T06:54:21","guid":{"rendered":"https:\/\/refonte.slowe-studio.com\/refonte\/?page_id=950"},"modified":"2025-11-18T13:17:25","modified_gmt":"2025-11-18T13:17:25","slug":"coffee-shop","status":"publish","type":"page","link":"https:\/\/refonte.slowe-studio.com\/refonte\/index.php\/coffee-shop\/","title":{"rendered":"Coffee shop"},"content":{"rendered":"\t\t<div data-elementor-type=\"wp-page\" data-elementor-id=\"950\" class=\"elementor elementor-950\" data-elementor-post-type=\"page\">\n\t\t\t\t<div class=\"elementor-element elementor-element-3740ede2 e-flex e-con-boxed e-con e-parent\" data-id=\"3740ede2\" data-element_type=\"container\">\n\t\t\t\t\t<div class=\"e-con-inner\">\n\t\t\t\t<div class=\"elementor-element elementor-element-472787ed title-xxl elementor-invisible elementor-widget elementor-widget-heading\" data-id=\"472787ed\" data-element_type=\"widget\" data-settings=\"{&quot;_animation&quot;:&quot;fadeInUp&quot;}\" data-widget_type=\"heading.default\">\n\t\t\t\t\t<h2 class=\"elementor-heading-title elementor-size-default\">Coffee Shop<\/h2>\t\t\t\t<\/div>\n\t\t\t\t<div class=\"elementor-element elementor-element-3333de78 text-body elementor-invisible elementor-widget elementor-widget-text-editor\" data-id=\"3333de78\" data-element_type=\"widget\" data-settings=\"{&quot;_animation&quot;:&quot;fadeInUp&quot;}\" data-widget_type=\"text-editor.default\">\n\t\t\t\t\t\t\t\t\t<p>Situ\u00e9s \u00e0 Bonne Nouvelle &amp; Jules Joffrin, nos 2 studios sont adoss\u00e9s \u00e0 un espace Coffee Shop pour vous permettre de prendre le temps de souffler apr\u00e8s votre pratique. Ou d&rsquo;encha\u00eener en douceur avec votre prochaine visio.<\/p>\t\t\t\t\t\t\t\t<\/div>\n\t\t\t\t\t<\/div>\n\t\t\t\t<\/div>\n\t\t<div class=\"elementor-element elementor-element-f8805d1 e-flex e-con-boxed e-con e-parent\" data-id=\"f8805d1\" data-element_type=\"container\">\n\t\t\t\t\t<div class=\"e-con-inner\">\n\t\t<div class=\"elementor-element elementor-element-3f26c111 e-con-full e-flex e-con e-child\" data-id=\"3f26c111\" data-element_type=\"container\">\n\t\t<div class=\"elementor-element elementor-element-42698dbf e-flex e-con-boxed e-con e-child\" data-id=\"42698dbf\" data-element_type=\"container\">\n\t\t\t\t\t<div class=\"e-con-inner\">\n\t\t\t\t<div class=\"elementor-element elementor-element-1b93b06 my-delayed title-xl elementor-invisible elementor-widget elementor-widget-heading\" data-id=\"1b93b06\" data-element_type=\"widget\" data-settings=\"{&quot;_animation&quot;:&quot;fadeInUp&quot;,&quot;_animation_delay&quot;:100}\" data-widget_type=\"heading.default\">\n\t\t\t\t\t<h1 class=\"elementor-heading-title elementor-size-default\">Ralentissez au coeur de la plus dynamique des capitales.<\/h1>\t\t\t\t<\/div>\n\t\t\t\t<div class=\"elementor-element elementor-element-f7bc928 text-body elementor-invisible elementor-widget elementor-widget-text-editor\" data-id=\"f7bc928\" data-element_type=\"widget\" data-settings=\"{&quot;_animation&quot;:&quot;fadeInUp&quot;,&quot;_animation_delay&quot;:200}\" data-widget_type=\"text-editor.default\">\n\t\t\t\t\t\t\t\t\t<p>Chaque studio abrite un Coffee Shop pens\u00e9 comme une respiration : caf\u00e9s de sp\u00e9cialit\u00e9, th\u00e9s infus\u00e9s \u00e0 la minute, s\u00e9lection fine de snacks.<\/p><p>Un lieu o\u00f9 s\u2019attarder apr\u00e8s une s\u00e9ance, se concentrer entre deux rendez-vous, ou simplement profiter du calme.<\/p><p>Espace de co-working disponible pour travailler sans quitter l\u2019\u00e9nergie du lieu.<\/p>\t\t\t\t\t\t\t\t<\/div>\n\t\t\t\t\t<\/div>\n\t\t\t\t<\/div>\n\t\t<div class=\"elementor-element elementor-element-50329fce e-con-full e-flex e-con e-child\" data-id=\"50329fce\" data-element_type=\"container\">\n\t\t\t\t<div class=\"elementor-element elementor-element-626917fb elementor-widget__width-auto elementor-mobile-align-justify cta-responsive elementor-invisible elementor-widget elementor-widget-button\" data-id=\"626917fb\" data-element_type=\"widget\" data-settings=\"{&quot;_animation&quot;:&quot;fadeInUp&quot;,&quot;_animation_delay&quot;:300}\" data-widget_type=\"button.default\">\n\t\t\t\t\t\t\t\t\t\t<a class=\"elementor-button elementor-button-link elementor-size-sm\" href=\"\/refonte\/index.php\/premiere-fois\/\">\n\t\t\t\t\t\t<span class=\"elementor-button-content-wrapper\">\n\t\t\t\t\t\t\t\t\t<span class=\"elementor-button-text\">D\u00e9marrer mon essai<\/span>\n\t\t\t\t\t<\/span>\n\t\t\t\t\t<\/a>\n\t\t\t\t\t\t\t\t<\/div>\n\t\t\t\t<\/div>\n\t\t\t\t<\/div>\n\t\t<div class=\"elementor-element elementor-element-2dbbd084 e-con-full e-flex elementor-invisible e-con e-child\" data-id=\"2dbbd084\" data-element_type=\"container\" data-settings=\"{&quot;animation&quot;:&quot;fadeInUp&quot;,&quot;animation_delay&quot;:400,&quot;background_background&quot;:&quot;classic&quot;}\">\n\t\t\t\t<div class=\"elementor-element elementor-element-5ab20250 elementor-absolute elementor-widget elementor-widget-image\" data-id=\"5ab20250\" data-element_type=\"widget\" data-settings=\"{&quot;_position&quot;:&quot;absolute&quot;}\" data-widget_type=\"image.default\">\n\t\t\t\t\t\t\t\t\t\t\t\t\t\t\t<img fetchpriority=\"high\" decoding=\"async\" width=\"610\" height=\"318\" src=\"https:\/\/refonte.slowe-studio.com\/refonte\/wp-content\/uploads\/2025\/09\/Group-3.png\" class=\"attachment-medium_large size-medium_large wp-image-873\" alt=\"\" srcset=\"https:\/\/refonte.slowe-studio.com\/refonte\/wp-content\/uploads\/2025\/09\/Group-3.png 610w, https:\/\/refonte.slowe-studio.com\/refonte\/wp-content\/uploads\/2025\/09\/Group-3-300x156.png 300w\" sizes=\"(max-width: 610px) 100vw, 610px\" \/>\t\t\t\t\t\t\t\t\t\t\t\t\t\t\t<\/div>\n\t\t\t\t<div class=\"elementor-element elementor-element-6948e10 elementor-widget elementor-widget-image\" data-id=\"6948e10\" data-element_type=\"widget\" data-widget_type=\"image.default\">\n\t\t\t\t\t\t\t\t\t\t\t\t\t\t\t<img decoding=\"async\" width=\"800\" height=\"437\" src=\"https:\/\/refonte.slowe-studio.com\/refonte\/wp-content\/uploads\/2025\/09\/22ca2453299b411d8431b8169fe315806b4205b9-1024x559.png\" class=\"attachment-large size-large wp-image-895\" alt=\"\" srcset=\"https:\/\/refonte.slowe-studio.com\/refonte\/wp-content\/uploads\/2025\/09\/22ca2453299b411d8431b8169fe315806b4205b9-1024x559.png 1024w, https:\/\/refonte.slowe-studio.com\/refonte\/wp-content\/uploads\/2025\/09\/22ca2453299b411d8431b8169fe315806b4205b9-300x164.png 300w, https:\/\/refonte.slowe-studio.com\/refonte\/wp-content\/uploads\/2025\/09\/22ca2453299b411d8431b8169fe315806b4205b9-768x419.png 768w, https:\/\/refonte.slowe-studio.com\/refonte\/wp-content\/uploads\/2025\/09\/22ca2453299b411d8431b8169fe315806b4205b9.png 1408w\" sizes=\"(max-width: 800px) 100vw, 800px\" \/>\t\t\t\t\t\t\t\t\t\t\t\t\t\t\t<\/div>\n\t\t\t\t<\/div>\n\t\t\t\t\t<\/div>\n\t\t\t\t<\/div>\n\t\t<div class=\"elementor-element elementor-element-58a84166 e-flex e-con-boxed e-con e-parent\" data-id=\"58a84166\" data-element_type=\"container\">\n\t\t\t\t\t<div class=\"e-con-inner\">\n\t\t<div class=\"elementor-element elementor-element-50ce0e2a e-con-full e-flex elementor-invisible e-con e-child\" data-id=\"50ce0e2a\" data-element_type=\"container\" data-settings=\"{&quot;background_background&quot;:&quot;classic&quot;,&quot;animation&quot;:&quot;fadeInUp&quot;,&quot;animation_delay&quot;:400}\">\n\t\t\t\t<div class=\"elementor-element elementor-element-6dfdfbbb elementor-absolute elementor-widget elementor-widget-image\" data-id=\"6dfdfbbb\" data-element_type=\"widget\" data-settings=\"{&quot;_position&quot;:&quot;absolute&quot;}\" data-widget_type=\"image.default\">\n\t\t\t\t\t\t\t\t\t\t\t\t\t\t\t<img decoding=\"async\" width=\"580\" height=\"330\" src=\"https:\/\/refonte.slowe-studio.com\/refonte\/wp-content\/uploads\/2025\/09\/Image-Container.png\" class=\"attachment-medium_large size-medium_large wp-image-1773\" alt=\"\" srcset=\"https:\/\/refonte.slowe-studio.com\/refonte\/wp-content\/uploads\/2025\/09\/Image-Container.png 580w, https:\/\/refonte.slowe-studio.com\/refonte\/wp-content\/uploads\/2025\/09\/Image-Container-300x171.png 300w\" sizes=\"(max-width: 580px) 100vw, 580px\" \/>\t\t\t\t\t\t\t\t\t\t\t\t\t\t\t<\/div>\n\t\t\t\t<div class=\"elementor-element elementor-element-64f34f4e elementor-widget elementor-widget-image\" data-id=\"64f34f4e\" data-element_type=\"widget\" data-widget_type=\"image.default\">\n\t\t\t\t\t\t\t\t\t\t\t\t\t\t\t<img loading=\"lazy\" decoding=\"async\" width=\"800\" height=\"1000\" src=\"https:\/\/refonte.slowe-studio.com\/refonte\/wp-content\/uploads\/2025\/09\/f5e01a2912214732f8aa4e039b40f8116803b54d-scaled-1-819x1024.jpg\" class=\"attachment-large size-large wp-image-896\" alt=\"\" srcset=\"https:\/\/refonte.slowe-studio.com\/refonte\/wp-content\/uploads\/2025\/09\/f5e01a2912214732f8aa4e039b40f8116803b54d-scaled-1-819x1024.jpg 819w, https:\/\/refonte.slowe-studio.com\/refonte\/wp-content\/uploads\/2025\/09\/f5e01a2912214732f8aa4e039b40f8116803b54d-scaled-1-240x300.jpg 240w, https:\/\/refonte.slowe-studio.com\/refonte\/wp-content\/uploads\/2025\/09\/f5e01a2912214732f8aa4e039b40f8116803b54d-scaled-1-768x960.jpg 768w, https:\/\/refonte.slowe-studio.com\/refonte\/wp-content\/uploads\/2025\/09\/f5e01a2912214732f8aa4e039b40f8116803b54d-scaled-1-1229x1536.jpg 1229w, https:\/\/refonte.slowe-studio.com\/refonte\/wp-content\/uploads\/2025\/09\/f5e01a2912214732f8aa4e039b40f8116803b54d-scaled-1-1638x2048.jpg 1638w, https:\/\/refonte.slowe-studio.com\/refonte\/wp-content\/uploads\/2025\/09\/f5e01a2912214732f8aa4e039b40f8116803b54d-scaled-1.jpg 2048w\" sizes=\"(max-width: 800px) 100vw, 800px\" \/>\t\t\t\t\t\t\t\t\t\t\t\t\t\t\t<\/div>\n\t\t\t\t<\/div>\n\t\t<div class=\"elementor-element elementor-element-6c96941a e-con-full e-flex e-con e-child\" data-id=\"6c96941a\" data-element_type=\"container\">\n\t\t<div class=\"elementor-element elementor-element-4fe2ae8c e-flex e-con-boxed e-con e-child\" data-id=\"4fe2ae8c\" data-element_type=\"container\">\n\t\t\t\t\t<div class=\"e-con-inner\">\n\t\t\t\t<div class=\"elementor-element elementor-element-711402b2 my-delayed title-l elementor-invisible elementor-widget elementor-widget-heading\" data-id=\"711402b2\" data-element_type=\"widget\" data-settings=\"{&quot;_animation&quot;:&quot;fadeInUp&quot;,&quot;_animation_delay&quot;:100}\" data-widget_type=\"heading.default\">\n\t\t\t\t\t<h2 class=\"elementor-heading-title elementor-size-default\">Une carte qui vit avec\nles saisons<\/h2>\t\t\t\t<\/div>\n\t\t\t\t<div class=\"elementor-element elementor-element-21678473 text-body elementor-invisible elementor-widget elementor-widget-text-editor\" data-id=\"21678473\" data-element_type=\"widget\" data-settings=\"{&quot;_animation&quot;:&quot;fadeInUp&quot;,&quot;_animation_delay&quot;:200}\" data-widget_type=\"text-editor.default\">\n\t\t\t\t\t\t\t\t\t<p>Toutes nos p\u00e2tisseries sont faites maison et changent au fil des envies et des produits du moment.<\/p><p>Une s\u00e9lection courte, sinc\u00e8re, toujours pens\u00e9e pour accompagner votre caf\u00e9 ou prolonger le moment.<\/p><p>Options vegan et sans gluten disponibles.<\/p>\t\t\t\t\t\t\t\t<\/div>\n\t\t\t\t\t<\/div>\n\t\t\t\t<\/div>\n\t\t<div class=\"elementor-element elementor-element-5f1f5984 e-con-full e-flex e-con e-child\" data-id=\"5f1f5984\" data-element_type=\"container\">\n\t\t\t\t<div class=\"elementor-element elementor-element-76d00fec elementor-widget__width-auto elementor-mobile-align-justify elementor-widget-mobile__width-initial cta-responsive elementor-invisible elementor-widget elementor-widget-button\" data-id=\"76d00fec\" data-element_type=\"widget\" data-settings=\"{&quot;_animation&quot;:&quot;fadeInUp&quot;,&quot;_animation_delay&quot;:200}\" data-widget_type=\"button.default\">\n\t\t\t\t\t\t\t\t\t\t<a class=\"elementor-button elementor-button-link elementor-size-sm\" href=\"https:\/\/slowe-studio.notion.site\/menu?source=copy_link\" target=\"_blank\">\n\t\t\t\t\t\t<span class=\"elementor-button-content-wrapper\">\n\t\t\t\t\t\t\t\t\t<span class=\"elementor-button-text\">Menu Bonne Nouvelle<\/span>\n\t\t\t\t\t<\/span>\n\t\t\t\t\t<\/a>\n\t\t\t\t\t\t\t\t<\/div>\n\t\t\t\t<div class=\"elementor-element elementor-element-32f40bcf elementor-widget__width-auto elementor-mobile-align-justify elementor-widget-mobile__width-initial cta-responsive elementor-invisible elementor-widget elementor-widget-button\" data-id=\"32f40bcf\" data-element_type=\"widget\" data-settings=\"{&quot;_animation&quot;:&quot;fadeInUp&quot;,&quot;_animation_delay&quot;:200}\" data-widget_type=\"button.default\">\n\t\t\t\t\t\t\t\t\t\t<a class=\"elementor-button elementor-button-link elementor-size-sm\" href=\"#\">\n\t\t\t\t\t\t<span class=\"elementor-button-content-wrapper\">\n\t\t\t\t\t\t\t\t\t<span class=\"elementor-button-text\">Menu Jules Joffrin<\/span>\n\t\t\t\t\t<\/span>\n\t\t\t\t\t<\/a>\n\t\t\t\t\t\t\t\t<\/div>\n\t\t\t\t<\/div>\n\t\t\t\t<\/div>\n\t\t\t\t\t<\/div>\n\t\t\t\t<\/div>\n\t\t\t\t<\/div>\n\t\t","protected":false},"excerpt":{"rendered":"<p>Coffee Shop Situ\u00e9s \u00e0 Bonne Nouvelle &amp; Jules Joffrin, nos 2 studios sont adoss\u00e9s \u00e0 un espace Coffee Shop pour vous permettre de prendre le temps de souffler apr\u00e8s votre pratique. Ou d&rsquo;encha\u00eener en douceur avec votre prochaine visio. Ralentissez au coeur de la plus dynamique des capitales. Chaque studio abrite un Coffee Shop pens\u00e9 [&hellip;]<\/p>\n","protected":false},"author":1,"featured_media":0,"parent":0,"menu_order":0,"comment_status":"closed","ping_status":"closed","template":"","meta":{"footnotes":""},"class_list":["post-950","page","type-page","status-publish","hentry"],"_links":{"self":[{"href":"https:\/\/refonte.slowe-studio.com\/refonte\/index.php\/wp-json\/wp\/v2\/pages\/950","targetHints":{"allow":["GET"]}}],"collection":[{"href":"https:\/\/refonte.slowe-studio.com\/refonte\/index.php\/wp-json\/wp\/v2\/pages"}],"about":[{"href":"https:\/\/refonte.slowe-studio.com\/refonte\/index.php\/wp-json\/wp\/v2\/types\/page"}],"author":[{"embeddable":true,"href":"https:\/\/refonte.slowe-studio.com\/refonte\/index.php\/wp-json\/wp\/v2\/users\/1"}],"replies":[{"embeddable":true,"href":"https:\/\/refonte.slowe-studio.com\/refonte\/index.php\/wp-json\/wp\/v2\/comments?post=950"}],"version-history":[{"count":58,"href":"https:\/\/refonte.slowe-studio.com\/refonte\/index.php\/wp-json\/wp\/v2\/pages\/950\/revisions"}],"predecessor-version":[{"id":2932,"href":"https:\/\/refonte.slowe-studio.com\/refonte\/index.php\/wp-json\/wp\/v2\/pages\/950\/revisions\/2932"}],"wp:attachment":[{"href":"https:\/\/refonte.slowe-studio.com\/refonte\/index.php\/wp-json\/wp\/v2\/media?parent=950"}],"curies":[{"name":"wp","href":"https:\/\/api.w.org\/{rel}","templated":true}]}}