{"id":2035,"date":"2025-09-19T09:48:27","date_gmt":"2025-09-19T09:48:27","guid":{"rendered":"https:\/\/refonte.slowe-studio.com\/refonte\/?page_id=2035"},"modified":"2025-09-19T09:49:01","modified_gmt":"2025-09-19T09:49:01","slug":"planning-bonne-nouvelle","status":"publish","type":"page","link":"https:\/\/refonte.slowe-studio.com\/refonte\/index.php\/planning-bonne-nouvelle\/","title":{"rendered":"Planning Bonne nouvelle"},"content":{"rendered":"\t\t<div data-elementor-type=\"wp-page\" data-elementor-id=\"2035\" class=\"elementor elementor-2035\" data-elementor-post-type=\"page\">\n\t\t\t\t<div class=\"elementor-element elementor-element-5d38b62 e-flex e-con-boxed e-con e-parent\" data-id=\"5d38b62\" data-element_type=\"container\">\n\t\t\t\t\t<div class=\"e-con-inner\">\n\t\t\t\t<div class=\"elementor-element elementor-element-cef1805 title-xxl elementor-widget elementor-widget-heading\" data-id=\"cef1805\" data-element_type=\"widget\" data-widget_type=\"heading.default\">\n\t\t\t\t\t<p class=\"elementor-heading-title elementor-size-default\">Planning Bonne nouvelle<\/p>\t\t\t\t<\/div>\n\t\t\t\t<div class=\"elementor-element elementor-element-bc837e5 text-body elementor-widget elementor-widget-text-editor\" data-id=\"bc837e5\" data-element_type=\"widget\" data-widget_type=\"text-editor.default\">\n\t\t\t\t\t\t\t\t\t<p>D\u00e9couvrez les cours signature de nos coachs. Chaque session est le fruit de leur exp\u00e9rience et de leur individualit\u00e9.<\/p>\t\t\t\t\t\t\t\t<\/div>\n\t\t\t\t\t<\/div>\n\t\t\t\t<\/div>\n\t\t\t\t<section class=\"elementor-section elementor-top-section elementor-element elementor-element-55dc412 elementor-section-boxed elementor-section-height-default elementor-section-height-default\" data-id=\"55dc412\" data-element_type=\"section\">\n\t\t\t\t\t\t<div class=\"elementor-container elementor-column-gap-default\">\n\t\t\t\t\t<div class=\"elementor-column elementor-col-100 elementor-top-column elementor-element elementor-element-29d4620\" data-id=\"29d4620\" data-element_type=\"column\">\n\t\t\t<div class=\"elementor-widget-wrap elementor-element-populated\">\n\t\t\t\t\t\t<div class=\"elementor-element elementor-element-2f4770a elementor-widget elementor-widget-html\" data-id=\"2f4770a\" data-element_type=\"widget\" data-widget_type=\"html.default\">\n\t\t\t\t\t<script id=\"insert-bsport-widget-cdn\">!function (b, s, p, o, r, t) { !typeof window.BsportWidget !== \"undefined\" && !document.getElementById(\"bsport-widget-cdn\") && !function () { m = b.createElement(s), m.id = \"bsport-widget-cdn\", m.src = p, b.getElementsByTagName(\"head\")[0].appendChild(m) }() }(document, \"script\", \"https:\/\/cdn.bsport.io\/scripts\/widget.js\")<\/script>\n    <script id=\"bsport-widget-mount\">\n        function MountBsportWidget(config, repeat=1) {\n            if (repeat > 50) { return }\n            if (!window.BsportWidget) {\n                return setTimeout(() => {\n                    MountBsportWidget(config,repeat+1)\n                }, 100 * repeat || 1)\n            }\n            BsportWidget.mount(config)\n        }\n    <\/script>\n    <script>\n        MountBsportWidget({\n                \"parentElement\": \"bsport-widget-475472\",\n                \"companyId\": 434,\n                \"franchiseId\": null,\n                \"dialogMode\": 1,\n                \"widgetType\": \"calendar\", \n                \"showFab\": false,\n                \"fullScreenPopup\": false,\n                \"styles\":undefined,\n                \"config\": {\n                    \"calendar\": {                \"todayOnly\": false,\n                \"compactMode\": true}\n                }  \n            })\n    <\/script>\n<div><div id=\"bsport-widget-475472\"\/><\/div>\t\t\t\t<\/div>\n\t\t\t\t\t<\/div>\n\t\t<\/div>\n\t\t\t\t\t<\/div>\n\t\t<\/section>\n\t\t\t\t<\/div>\n\t\t","protected":false},"excerpt":{"rendered":"<p>Planning Bonne nouvelle D\u00e9couvrez les cours signature de nos coachs. Chaque session est le fruit de leur exp\u00e9rience et de leur individualit\u00e9.<\/p>\n","protected":false},"author":1,"featured_media":0,"parent":0,"menu_order":0,"comment_status":"closed","ping_status":"closed","template":"","meta":{"footnotes":""},"class_list":["post-2035","page","type-page","status-publish","hentry"],"_links":{"self":[{"href":"https:\/\/refonte.slowe-studio.com\/refonte\/index.php\/wp-json\/wp\/v2\/pages\/2035","targetHints":{"allow":["GET"]}}],"collection":[{"href":"https:\/\/refonte.slowe-studio.com\/refonte\/index.php\/wp-json\/wp\/v2\/pages"}],"about":[{"href":"https:\/\/refonte.slowe-studio.com\/refonte\/index.php\/wp-json\/wp\/v2\/types\/page"}],"author":[{"embeddable":true,"href":"https:\/\/refonte.slowe-studio.com\/refonte\/index.php\/wp-json\/wp\/v2\/users\/1"}],"replies":[{"embeddable":true,"href":"https:\/\/refonte.slowe-studio.com\/refonte\/index.php\/wp-json\/wp\/v2\/comments?post=2035"}],"version-history":[{"count":4,"href":"https:\/\/refonte.slowe-studio.com\/refonte\/index.php\/wp-json\/wp\/v2\/pages\/2035\/revisions"}],"predecessor-version":[{"id":2040,"href":"https:\/\/refonte.slowe-studio.com\/refonte\/index.php\/wp-json\/wp\/v2\/pages\/2035\/revisions\/2040"}],"wp:attachment":[{"href":"https:\/\/refonte.slowe-studio.com\/refonte\/index.php\/wp-json\/wp\/v2\/media?parent=2035"}],"curies":[{"name":"wp","href":"https:\/\/api.w.org\/{rel}","templated":true}]}}